{"id":68363,"date":"2024-10-21T15:22:07","date_gmt":"2024-10-21T15:22:07","guid":{"rendered":"https:\/\/urbanglide.com\/?post_type=product&#038;p=68363"},"modified":"2025-05-28T08:18:34","modified_gmt":"2025-05-28T08:18:34","slug":"bike-140-white","status":"publish","type":"product","link":"https:\/\/urbanglide.com\/pt-pt\/produit\/bike-140-white\/","title":{"rendered":"BICICLETA 140"},"content":{"rendered":"<p>A BIKE 140 \u00e9 a bicicleta de equilibrio e a mais completa da sua gera\u00e7\u00e3o. O seu ecr\u00e3 design e ergon\u00f3mico fazem dele um produto \u00fanico.<\/p>\n<p>O seu sistema de trav\u00e3o de disco duplo, os apoios para os p\u00e9s e as rodas insufl\u00e1veis de 14 polegadas permitem estabilidade e conforto \u00e1 prova de tudo. Utilize o LED dianteiro para iluminar o seu caminho e o suporte de descanso para estabilizar o seu produto.<\/p>\n<p>Transporte facilmente a sua bicicleta de aprendizagem gra\u00e7as ao guiador dobr\u00e1vel e \u00e0 pega ergon\u00f3mica.<\/p>\n<p>Uma aplica\u00e7\u00e3o est\u00e1 dispon\u00edvel para conhecer os detalhes do seu produto, bem como para bloquear e desbloquear a sua bicicleta remotamente e \u00e9 fornecido um suporte de telefone para a sua BIKE 140.<\/p>\n","protected":false},"excerpt":{"rendered":"<p>Estabilidade e conforto<\/p>\n","protected":false},"featured_media":68394,"template":"","meta":[],"product_brand":[],"product_cat":[190],"product_tag":[],"class_list":{"0":"post-68363","1":"product","2":"type-product","3":"status-publish","4":"has-post-thumbnail","6":"product_cat-bicicleta-eletricas-sem-pedais","7":"product_shipping_class-17-kg-pt-pt","9":"first","10":"outofstock","11":"taxable","12":"shipping-taxable","13":"purchasable","14":"product-type-simple"},"yoast_head":"<!-- This site is optimized with the Yoast SEO plugin v27.1.1 - https:\/\/yoast.com\/product\/yoast-seo-wordpress\/ -->\n<title>BICICLETA 140 - UrbanGlide<\/title>\n<meta name=\"description\" content=\"Adota uma nova forma de te deslocares com a draisienne el\u00e9trica BICICLETA 140 equipada com a tecnologia Bluetooth para o seguires em tempo real.\" \/>\n<meta name=\"robots\" content=\"index, follow, max-snippet:-1, max-image-preview:large, max-video-preview:-1\" \/>\n<link rel=\"canonical\" href=\"https:\/\/urbanglide.com\/produit\/draisienne-bike-140-blanc\/\" \/>\n<meta property=\"og:locale\" content=\"pt_PT\" \/>\n<meta property=\"og:type\" content=\"article\" \/>\n<meta property=\"og:title\" content=\"BICICLETA 140 - UrbanGlide\" \/>\n<meta property=\"og:description\" content=\"Adota uma nova forma de te deslocares com a draisienne el\u00e9trica BICICLETA 140 equipada com a tecnologia Bluetooth para o seguires em tempo real.\" \/>\n<meta property=\"og:url\" content=\"https:\/\/urbanglide.com\/produit\/draisienne-bike-140-blanc\/\" \/>\n<meta property=\"og:site_name\" content=\"UrbanGlide\" \/>\n<meta property=\"article:modified_time\" content=\"2025-05-28T08:18:34+00:00\" \/>\n<meta property=\"og:image\" content=\"https:\/\/urbanglide.com\/wp-content\/uploads\/2024\/10\/BIKE-140-blanc.webp\" \/>\n\t<meta property=\"og:image:width\" content=\"1000\" \/>\n\t<meta property=\"og:image:height\" content=\"1000\" \/>\n\t<meta property=\"og:image:type\" content=\"image\/webp\" \/>\n<meta name=\"twitter:card\" content=\"summary_large_image\" \/>\n<meta name=\"twitter:label1\" content=\"Tempo estimado de leitura\" \/>\n\t<meta name=\"twitter:data1\" content=\"1 minuto\" \/>\n<script type=\"application\/ld+json\" class=\"yoast-schema-graph\">{\"@context\":\"https:\/\/schema.org\",\"@graph\":[{\"@type\":\"WebPage\",\"@id\":\"https:\/\/urbanglide.com\/produit\/draisienne-bike-140-blanc\/\",\"url\":\"https:\/\/urbanglide.com\/produit\/draisienne-bike-140-blanc\/\",\"name\":\"BICICLETA 140 - UrbanGlide\",\"isPartOf\":{\"@id\":\"https:\/\/urbanglide.com\/#website\"},\"primaryImageOfPage\":{\"@id\":\"https:\/\/urbanglide.com\/produit\/draisienne-bike-140-blanc\/#primaryimage\"},\"image\":{\"@id\":\"https:\/\/urbanglide.com\/produit\/draisienne-bike-140-blanc\/#primaryimage\"},\"thumbnailUrl\":\"https:\/\/urbanglide.com\/wp-content\/uploads\/2024\/10\/BIKE-140-blanc.webp\",\"datePublished\":\"2024-10-21T15:22:07+00:00\",\"dateModified\":\"2025-05-28T08:18:34+00:00\",\"description\":\"Adota uma nova forma de te deslocares com a draisienne el\u00e9trica BICICLETA 140 equipada com a tecnologia Bluetooth para o seguires em tempo real.\",\"breadcrumb\":{\"@id\":\"https:\/\/urbanglide.com\/produit\/draisienne-bike-140-blanc\/#breadcrumb\"},\"inLanguage\":\"pt-PT\",\"potentialAction\":[{\"@type\":\"ReadAction\",\"target\":[\"https:\/\/urbanglide.com\/produit\/draisienne-bike-140-blanc\/\"]}]},{\"@type\":\"ImageObject\",\"inLanguage\":\"pt-PT\",\"@id\":\"https:\/\/urbanglide.com\/produit\/draisienne-bike-140-blanc\/#primaryimage\",\"url\":\"https:\/\/urbanglide.com\/wp-content\/uploads\/2024\/10\/BIKE-140-blanc.webp\",\"contentUrl\":\"https:\/\/urbanglide.com\/wp-content\/uploads\/2024\/10\/BIKE-140-blanc.webp\",\"width\":1000,\"height\":1000},{\"@type\":\"BreadcrumbList\",\"@id\":\"https:\/\/urbanglide.com\/produit\/draisienne-bike-140-blanc\/#breadcrumb\",\"itemListElement\":[{\"@type\":\"ListItem\",\"position\":1,\"name\":\"Accueil\",\"item\":\"https:\/\/urbanglide.com\/pt-pt\/urbanglide-homepage-nova-versao\/\"},{\"@type\":\"ListItem\",\"position\":2,\"name\":\"Loja\",\"item\":\"https:\/\/urbanglide.com\/pt-pt\/boutique\/\"},{\"@type\":\"ListItem\",\"position\":3,\"name\":\"BICICLETA 140\"}]},{\"@type\":\"WebSite\",\"@id\":\"https:\/\/urbanglide.com\/#website\",\"url\":\"https:\/\/urbanglide.com\/\",\"name\":\"Urbanglide\",\"description\":\"Expert fran\u00e7ais de la mobilit\u00e9 \u00e9lectrique\",\"potentialAction\":[{\"@type\":\"SearchAction\",\"target\":{\"@type\":\"EntryPoint\",\"urlTemplate\":\"https:\/\/urbanglide.com\/?s={search_term_string}\"},\"query-input\":{\"@type\":\"PropertyValueSpecification\",\"valueRequired\":true,\"valueName\":\"search_term_string\"}}],\"inLanguage\":\"pt-PT\"}]}<\/script>\n<!-- \/ Yoast SEO plugin. -->","yoast_head_json":{"title":"BICICLETA 140 - UrbanGlide","description":"Adota uma nova forma de te deslocares com a draisienne el\u00e9trica BICICLETA 140 equipada com a tecnologia Bluetooth para o seguires em tempo real.","robots":{"index":"index","follow":"follow","max-snippet":"max-snippet:-1","max-image-preview":"max-image-preview:large","max-video-preview":"max-video-preview:-1"},"canonical":"https:\/\/urbanglide.com\/produit\/draisienne-bike-140-blanc\/","og_locale":"pt_PT","og_type":"article","og_title":"BICICLETA 140 - UrbanGlide","og_description":"Adota uma nova forma de te deslocares com a draisienne el\u00e9trica BICICLETA 140 equipada com a tecnologia Bluetooth para o seguires em tempo real.","og_url":"https:\/\/urbanglide.com\/produit\/draisienne-bike-140-blanc\/","og_site_name":"UrbanGlide","article_modified_time":"2025-05-28T08:18:34+00:00","og_image":[{"width":1000,"height":1000,"url":"https:\/\/urbanglide.com\/wp-content\/uploads\/2024\/10\/BIKE-140-blanc.webp","type":"image\/webp"}],"twitter_card":"summary_large_image","twitter_misc":{"Tempo estimado de leitura":"1 minuto"},"schema":{"@context":"https:\/\/schema.org","@graph":[{"@type":"WebPage","@id":"https:\/\/urbanglide.com\/produit\/draisienne-bike-140-blanc\/","url":"https:\/\/urbanglide.com\/produit\/draisienne-bike-140-blanc\/","name":"BICICLETA 140 - UrbanGlide","isPartOf":{"@id":"https:\/\/urbanglide.com\/#website"},"primaryImageOfPage":{"@id":"https:\/\/urbanglide.com\/produit\/draisienne-bike-140-blanc\/#primaryimage"},"image":{"@id":"https:\/\/urbanglide.com\/produit\/draisienne-bike-140-blanc\/#primaryimage"},"thumbnailUrl":"https:\/\/urbanglide.com\/wp-content\/uploads\/2024\/10\/BIKE-140-blanc.webp","datePublished":"2024-10-21T15:22:07+00:00","dateModified":"2025-05-28T08:18:34+00:00","description":"Adota uma nova forma de te deslocares com a draisienne el\u00e9trica BICICLETA 140 equipada com a tecnologia Bluetooth para o seguires em tempo real.","breadcrumb":{"@id":"https:\/\/urbanglide.com\/produit\/draisienne-bike-140-blanc\/#breadcrumb"},"inLanguage":"pt-PT","potentialAction":[{"@type":"ReadAction","target":["https:\/\/urbanglide.com\/produit\/draisienne-bike-140-blanc\/"]}]},{"@type":"ImageObject","inLanguage":"pt-PT","@id":"https:\/\/urbanglide.com\/produit\/draisienne-bike-140-blanc\/#primaryimage","url":"https:\/\/urbanglide.com\/wp-content\/uploads\/2024\/10\/BIKE-140-blanc.webp","contentUrl":"https:\/\/urbanglide.com\/wp-content\/uploads\/2024\/10\/BIKE-140-blanc.webp","width":1000,"height":1000},{"@type":"BreadcrumbList","@id":"https:\/\/urbanglide.com\/produit\/draisienne-bike-140-blanc\/#breadcrumb","itemListElement":[{"@type":"ListItem","position":1,"name":"Accueil","item":"https:\/\/urbanglide.com\/pt-pt\/urbanglide-homepage-nova-versao\/"},{"@type":"ListItem","position":2,"name":"Loja","item":"https:\/\/urbanglide.com\/pt-pt\/boutique\/"},{"@type":"ListItem","position":3,"name":"BICICLETA 140"}]},{"@type":"WebSite","@id":"https:\/\/urbanglide.com\/#website","url":"https:\/\/urbanglide.com\/","name":"Urbanglide","description":"Expert fran\u00e7ais de la mobilit\u00e9 \u00e9lectrique","potentialAction":[{"@type":"SearchAction","target":{"@type":"EntryPoint","urlTemplate":"https:\/\/urbanglide.com\/?s={search_term_string}"},"query-input":{"@type":"PropertyValueSpecification","valueRequired":true,"valueName":"search_term_string"}}],"inLanguage":"pt-PT"}]}},"_links":{"self":[{"href":"https:\/\/urbanglide.com\/pt-pt\/wp-json\/wp\/v2\/product\/68363","targetHints":{"allow":["GET"]}}],"collection":[{"href":"https:\/\/urbanglide.com\/pt-pt\/wp-json\/wp\/v2\/product"}],"about":[{"href":"https:\/\/urbanglide.com\/pt-pt\/wp-json\/wp\/v2\/types\/product"}],"version-history":[{"count":0,"href":"https:\/\/urbanglide.com\/pt-pt\/wp-json\/wp\/v2\/product\/68363\/revisions"}],"wp:featuredmedia":[{"embeddable":true,"href":"https:\/\/urbanglide.com\/pt-pt\/wp-json\/wp\/v2\/media\/68394"}],"wp:attachment":[{"href":"https:\/\/urbanglide.com\/pt-pt\/wp-json\/wp\/v2\/media?parent=68363"}],"wp:term":[{"taxonomy":"product_brand","embeddable":true,"href":"https:\/\/urbanglide.com\/pt-pt\/wp-json\/wp\/v2\/product_brand?post=68363"},{"taxonomy":"product_cat","embeddable":true,"href":"https:\/\/urbanglide.com\/pt-pt\/wp-json\/wp\/v2\/product_cat?post=68363"},{"taxonomy":"product_tag","embeddable":true,"href":"https:\/\/urbanglide.com\/pt-pt\/wp-json\/wp\/v2\/product_tag?post=68363"}],"curies":[{"name":"wp","href":"https:\/\/api.w.org\/{rel}","templated":true}]}}