{"id":78313,"date":"2025-02-25T16:07:07","date_gmt":"2025-02-25T16:07:07","guid":{"rendered":"https:\/\/urbanglide.com\/produit\/e-cross-duo\/"},"modified":"2025-09-10T13:31:55","modified_gmt":"2025-09-10T13:31:55","slug":"e-cross-duo","status":"publish","type":"product","link":"https:\/\/urbanglide.com\/pt-pt\/produit\/e-cross-duo\/","title":{"rendered":"E-CROSS DUO"},"content":{"rendered":"","protected":false},"excerpt":{"rendered":"<p>For\u00e7a e agilidade<\/p>\n","protected":false},"featured_media":75666,"template":"","meta":[],"product_brand":[],"product_cat":[216,630],"product_tag":[],"class_list":{"0":"post-78313","1":"product","2":"type-product","3":"status-publish","4":"has-post-thumbnail","6":"product_cat-trottinettes-pt","7":"product_cat-e-cross","8":"product_shipping_class-41-kg-pt-pt","10":"first","11":"instock","12":"taxable","13":"shipping-taxable","14":"purchasable","15":"product-type-simple"},"yoast_head":"<!-- This site is optimized with the Yoast SEO plugin v27.1.1 - https:\/\/yoast.com\/product\/yoast-seo-wordpress\/ -->\n<title>Trotinete el\u00e9ctrica E-CROSS DUO - UrbanGlide<\/title>\n<meta name=\"description\" content=\"Com uma autonomia de at\u00e9 60 km, um motor duplo e trav\u00f5es de disco duplos, a E-CROSS DUO \u00e9 a scooter ideal para as tuas aventuras fora de estrada.\" \/>\n<meta name=\"robots\" content=\"index, follow, max-snippet:-1, max-image-preview:large, max-video-preview:-1\" \/>\n<link rel=\"canonical\" href=\"https:\/\/urbanglide.com\/pt-pt\/produit\/e-cross-duo\/\" \/>\n<meta property=\"og:locale\" content=\"pt_PT\" \/>\n<meta property=\"og:type\" content=\"article\" \/>\n<meta property=\"og:title\" content=\"Trotinete el\u00e9ctrica E-CROSS DUO - UrbanGlide\" \/>\n<meta property=\"og:description\" content=\"Com uma autonomia de at\u00e9 60 km, um motor duplo e trav\u00f5es de disco duplos, a E-CROSS DUO \u00e9 a scooter ideal para as tuas aventuras fora de estrada.\" \/>\n<meta property=\"og:url\" content=\"https:\/\/urbanglide.com\/pt-pt\/produit\/e-cross-duo\/\" \/>\n<meta property=\"og:site_name\" content=\"UrbanGlide\" \/>\n<meta property=\"article:modified_time\" content=\"2025-09-10T13:31:55+00:00\" \/>\n<meta property=\"og:image\" content=\"https:\/\/urbanglide.com\/wp-content\/uploads\/2025\/02\/ECROSSDUO-new-in.webp\" \/>\n\t<meta property=\"og:image:width\" content=\"1000\" \/>\n\t<meta property=\"og:image:height\" content=\"1000\" \/>\n\t<meta property=\"og:image:type\" content=\"image\/webp\" \/>\n<meta name=\"twitter:card\" content=\"summary_large_image\" \/>\n<meta name=\"twitter:label1\" content=\"Tempo estimado de leitura\" \/>\n\t<meta name=\"twitter:data1\" content=\"1 minuto\" \/>\n<script type=\"application\/ld+json\" class=\"yoast-schema-graph\">{\"@context\":\"https:\/\/schema.org\",\"@graph\":[{\"@type\":\"WebPage\",\"@id\":\"https:\/\/urbanglide.com\/pt-pt\/produit\/e-cross-duo\/\",\"url\":\"https:\/\/urbanglide.com\/pt-pt\/produit\/e-cross-duo\/\",\"name\":\"Trotinete el\u00e9ctrica E-CROSS DUO - UrbanGlide\",\"isPartOf\":{\"@id\":\"https:\/\/urbanglide.com\/#website\"},\"primaryImageOfPage\":{\"@id\":\"https:\/\/urbanglide.com\/pt-pt\/produit\/e-cross-duo\/#primaryimage\"},\"image\":{\"@id\":\"https:\/\/urbanglide.com\/pt-pt\/produit\/e-cross-duo\/#primaryimage\"},\"thumbnailUrl\":\"https:\/\/urbanglide.com\/wp-content\/uploads\/2025\/02\/ECROSSDUO.png\",\"datePublished\":\"2025-02-25T16:07:07+00:00\",\"dateModified\":\"2025-09-10T13:31:55+00:00\",\"description\":\"Com uma autonomia de at\u00e9 60 km, um motor duplo e trav\u00f5es de disco duplos, a E-CROSS DUO \u00e9 a scooter ideal para as tuas aventuras fora de estrada.\",\"breadcrumb\":{\"@id\":\"https:\/\/urbanglide.com\/pt-pt\/produit\/e-cross-duo\/#breadcrumb\"},\"inLanguage\":\"pt-PT\",\"potentialAction\":[{\"@type\":\"ReadAction\",\"target\":[\"https:\/\/urbanglide.com\/pt-pt\/produit\/e-cross-duo\/\"]}]},{\"@type\":\"ImageObject\",\"inLanguage\":\"pt-PT\",\"@id\":\"https:\/\/urbanglide.com\/pt-pt\/produit\/e-cross-duo\/#primaryimage\",\"url\":\"https:\/\/urbanglide.com\/wp-content\/uploads\/2025\/02\/ECROSSDUO.png\",\"contentUrl\":\"https:\/\/urbanglide.com\/wp-content\/uploads\/2025\/02\/ECROSSDUO.png\",\"width\":1000,\"height\":1000},{\"@type\":\"BreadcrumbList\",\"@id\":\"https:\/\/urbanglide.com\/pt-pt\/produit\/e-cross-duo\/#breadcrumb\",\"itemListElement\":[{\"@type\":\"ListItem\",\"position\":1,\"name\":\"Accueil\",\"item\":\"https:\/\/urbanglide.com\/pt-pt\/urbanglide-homepage-nova-versao\/\"},{\"@type\":\"ListItem\",\"position\":2,\"name\":\"Loja\",\"item\":\"https:\/\/urbanglide.com\/pt-pt\/boutique\/\"},{\"@type\":\"ListItem\",\"position\":3,\"name\":\"E-CROSS DUO\"}]},{\"@type\":\"WebSite\",\"@id\":\"https:\/\/urbanglide.com\/#website\",\"url\":\"https:\/\/urbanglide.com\/\",\"name\":\"Urbanglide\",\"description\":\"Expert fran\u00e7ais de la mobilit\u00e9 \u00e9lectrique\",\"potentialAction\":[{\"@type\":\"SearchAction\",\"target\":{\"@type\":\"EntryPoint\",\"urlTemplate\":\"https:\/\/urbanglide.com\/?s={search_term_string}\"},\"query-input\":{\"@type\":\"PropertyValueSpecification\",\"valueRequired\":true,\"valueName\":\"search_term_string\"}}],\"inLanguage\":\"pt-PT\"}]}<\/script>\n<!-- \/ Yoast SEO plugin. -->","yoast_head_json":{"title":"Trotinete el\u00e9ctrica E-CROSS DUO - UrbanGlide","description":"Com uma autonomia de at\u00e9 60 km, um motor duplo e trav\u00f5es de disco duplos, a E-CROSS DUO \u00e9 a scooter ideal para as tuas aventuras fora de estrada.","robots":{"index":"index","follow":"follow","max-snippet":"max-snippet:-1","max-image-preview":"max-image-preview:large","max-video-preview":"max-video-preview:-1"},"canonical":"https:\/\/urbanglide.com\/pt-pt\/produit\/e-cross-duo\/","og_locale":"pt_PT","og_type":"article","og_title":"Trotinete el\u00e9ctrica E-CROSS DUO - UrbanGlide","og_description":"Com uma autonomia de at\u00e9 60 km, um motor duplo e trav\u00f5es de disco duplos, a E-CROSS DUO \u00e9 a scooter ideal para as tuas aventuras fora de estrada.","og_url":"https:\/\/urbanglide.com\/pt-pt\/produit\/e-cross-duo\/","og_site_name":"UrbanGlide","article_modified_time":"2025-09-10T13:31:55+00:00","og_image":[{"width":1000,"height":1000,"url":"https:\/\/urbanglide.com\/wp-content\/uploads\/2025\/02\/ECROSSDUO-new-in.webp","type":"image\/webp"}],"twitter_card":"summary_large_image","twitter_misc":{"Tempo estimado de leitura":"1 minuto"},"schema":{"@context":"https:\/\/schema.org","@graph":[{"@type":"WebPage","@id":"https:\/\/urbanglide.com\/pt-pt\/produit\/e-cross-duo\/","url":"https:\/\/urbanglide.com\/pt-pt\/produit\/e-cross-duo\/","name":"Trotinete el\u00e9ctrica E-CROSS DUO - UrbanGlide","isPartOf":{"@id":"https:\/\/urbanglide.com\/#website"},"primaryImageOfPage":{"@id":"https:\/\/urbanglide.com\/pt-pt\/produit\/e-cross-duo\/#primaryimage"},"image":{"@id":"https:\/\/urbanglide.com\/pt-pt\/produit\/e-cross-duo\/#primaryimage"},"thumbnailUrl":"https:\/\/urbanglide.com\/wp-content\/uploads\/2025\/02\/ECROSSDUO.png","datePublished":"2025-02-25T16:07:07+00:00","dateModified":"2025-09-10T13:31:55+00:00","description":"Com uma autonomia de at\u00e9 60 km, um motor duplo e trav\u00f5es de disco duplos, a E-CROSS DUO \u00e9 a scooter ideal para as tuas aventuras fora de estrada.","breadcrumb":{"@id":"https:\/\/urbanglide.com\/pt-pt\/produit\/e-cross-duo\/#breadcrumb"},"inLanguage":"pt-PT","potentialAction":[{"@type":"ReadAction","target":["https:\/\/urbanglide.com\/pt-pt\/produit\/e-cross-duo\/"]}]},{"@type":"ImageObject","inLanguage":"pt-PT","@id":"https:\/\/urbanglide.com\/pt-pt\/produit\/e-cross-duo\/#primaryimage","url":"https:\/\/urbanglide.com\/wp-content\/uploads\/2025\/02\/ECROSSDUO.png","contentUrl":"https:\/\/urbanglide.com\/wp-content\/uploads\/2025\/02\/ECROSSDUO.png","width":1000,"height":1000},{"@type":"BreadcrumbList","@id":"https:\/\/urbanglide.com\/pt-pt\/produit\/e-cross-duo\/#breadcrumb","itemListElement":[{"@type":"ListItem","position":1,"name":"Accueil","item":"https:\/\/urbanglide.com\/pt-pt\/urbanglide-homepage-nova-versao\/"},{"@type":"ListItem","position":2,"name":"Loja","item":"https:\/\/urbanglide.com\/pt-pt\/boutique\/"},{"@type":"ListItem","position":3,"name":"E-CROSS DUO"}]},{"@type":"WebSite","@id":"https:\/\/urbanglide.com\/#website","url":"https:\/\/urbanglide.com\/","name":"Urbanglide","description":"Expert fran\u00e7ais de la mobilit\u00e9 \u00e9lectrique","potentialAction":[{"@type":"SearchAction","target":{"@type":"EntryPoint","urlTemplate":"https:\/\/urbanglide.com\/?s={search_term_string}"},"query-input":{"@type":"PropertyValueSpecification","valueRequired":true,"valueName":"search_term_string"}}],"inLanguage":"pt-PT"}]}},"_links":{"self":[{"href":"https:\/\/urbanglide.com\/pt-pt\/wp-json\/wp\/v2\/product\/78313","targetHints":{"allow":["GET"]}}],"collection":[{"href":"https:\/\/urbanglide.com\/pt-pt\/wp-json\/wp\/v2\/product"}],"about":[{"href":"https:\/\/urbanglide.com\/pt-pt\/wp-json\/wp\/v2\/types\/product"}],"version-history":[{"count":0,"href":"https:\/\/urbanglide.com\/pt-pt\/wp-json\/wp\/v2\/product\/78313\/revisions"}],"wp:featuredmedia":[{"embeddable":true,"href":"https:\/\/urbanglide.com\/pt-pt\/wp-json\/wp\/v2\/media\/75666"}],"wp:attachment":[{"href":"https:\/\/urbanglide.com\/pt-pt\/wp-json\/wp\/v2\/media?parent=78313"}],"wp:term":[{"taxonomy":"product_brand","embeddable":true,"href":"https:\/\/urbanglide.com\/pt-pt\/wp-json\/wp\/v2\/product_brand?post=78313"},{"taxonomy":"product_cat","embeddable":true,"href":"https:\/\/urbanglide.com\/pt-pt\/wp-json\/wp\/v2\/product_cat?post=78313"},{"taxonomy":"product_tag","embeddable":true,"href":"https:\/\/urbanglide.com\/pt-pt\/wp-json\/wp\/v2\/product_tag?post=78313"}],"curies":[{"name":"wp","href":"https:\/\/api.w.org\/{rel}","templated":true}]}}