{"id":79188,"date":"2025-02-19T06:18:05","date_gmt":"2025-02-19T06:18:05","guid":{"rendered":"https:\/\/urbanglide.com\/produit\/100-evo\/"},"modified":"2026-02-04T01:30:38","modified_gmt":"2026-02-04T01:30:38","slug":"100-evo","status":"publish","type":"product","link":"https:\/\/urbanglide.com\/pt-pt\/produit\/100-evo\/","title":{"rendered":"100 EVO"},"content":{"rendered":"","protected":false},"excerpt":{"rendered":"<p><span class=\"TextRun SCXP159889069 BCX0\" lang=\"FR-FR\" xml:lang=\"FR-FR\" data-usefontface=\"false\" data-contrast=\"none\"><span class=\"NormalTextRun SCXP159889069 BCX0\">Agilidade e versatilidade<\/span><\/span><\/p>\n","protected":false},"featured_media":73970,"template":"","meta":[],"product_brand":[],"product_cat":[216,632],"product_tag":[],"class_list":{"0":"post-79188","1":"product","2":"type-product","3":"status-publish","4":"has-post-thumbnail","6":"product_cat-trottinettes-pt","7":"product_cat-ride","8":"product_shipping_class-17-kg-pt-pt","10":"first","11":"instock","12":"featured","13":"taxable","14":"shipping-taxable","15":"purchasable","16":"product-type-simple"},"yoast_head":"<!-- This site is optimized with the Yoast SEO plugin v27.1.1 - https:\/\/yoast.com\/product\/yoast-seo-wordpress\/ -->\n<title>Trotinete el\u00e9ctrica 100 EVO - UrbanGlide<\/title>\n<meta name=\"description\" content=\"Alcance de at\u00e9 25 km, pneus todo-o-terreno de 10&quot; e um trav\u00e3o de disco de alto desempenho. 100 EVO combina agilidade e versatilidade!\" \/>\n<meta name=\"robots\" content=\"index, follow, max-snippet:-1, max-image-preview:large, max-video-preview:-1\" \/>\n<link rel=\"canonical\" href=\"https:\/\/urbanglide.com\/pt-pt\/produit\/100-evo\/\" \/>\n<meta property=\"og:locale\" content=\"pt_PT\" \/>\n<meta property=\"og:type\" content=\"article\" \/>\n<meta property=\"og:title\" content=\"Trotinete el\u00e9ctrica 100 EVO - UrbanGlide\" \/>\n<meta property=\"og:description\" content=\"Alcance de at\u00e9 25 km, pneus todo-o-terreno de 10&quot; e um trav\u00e3o de disco de alto desempenho. 100 EVO combina agilidade e versatilidade!\" \/>\n<meta property=\"og:url\" content=\"https:\/\/urbanglide.com\/pt-pt\/produit\/100-evo\/\" \/>\n<meta property=\"og:site_name\" content=\"UrbanGlide\" \/>\n<meta property=\"article:modified_time\" content=\"2026-02-04T01:30:38+00:00\" \/>\n<meta property=\"og:image\" content=\"https:\/\/urbanglide.com\/wp-content\/uploads\/2025\/01\/RIDE-100EVO-coming-soon.png\" \/>\n\t<meta property=\"og:image:width\" content=\"1000\" \/>\n\t<meta property=\"og:image:height\" content=\"1000\" \/>\n\t<meta property=\"og:image:type\" content=\"image\/png\" \/>\n<meta name=\"twitter:card\" content=\"summary_large_image\" \/>\n<meta name=\"twitter:label1\" content=\"Tempo estimado de leitura\" \/>\n\t<meta name=\"twitter:data1\" content=\"1 minuto\" \/>\n<script type=\"application\/ld+json\" class=\"yoast-schema-graph\">{\"@context\":\"https:\/\/schema.org\",\"@graph\":[{\"@type\":\"WebPage\",\"@id\":\"https:\/\/urbanglide.com\/pt-pt\/produit\/100-evo\/\",\"url\":\"https:\/\/urbanglide.com\/pt-pt\/produit\/100-evo\/\",\"name\":\"Trotinete el\u00e9ctrica 100 EVO - UrbanGlide\",\"isPartOf\":{\"@id\":\"https:\/\/urbanglide.com\/#website\"},\"primaryImageOfPage\":{\"@id\":\"https:\/\/urbanglide.com\/pt-pt\/produit\/100-evo\/#primaryimage\"},\"image\":{\"@id\":\"https:\/\/urbanglide.com\/pt-pt\/produit\/100-evo\/#primaryimage\"},\"thumbnailUrl\":\"https:\/\/urbanglide.com\/wp-content\/uploads\/2025\/01\/RIDE-100EVO.png\",\"datePublished\":\"2025-02-19T06:18:05+00:00\",\"dateModified\":\"2026-02-04T01:30:38+00:00\",\"description\":\"Alcance de at\u00e9 25 km, pneus todo-o-terreno de 10\\\" e um trav\u00e3o de disco de alto desempenho. 100 EVO combina agilidade e versatilidade!\",\"breadcrumb\":{\"@id\":\"https:\/\/urbanglide.com\/pt-pt\/produit\/100-evo\/#breadcrumb\"},\"inLanguage\":\"pt-PT\",\"potentialAction\":[{\"@type\":\"ReadAction\",\"target\":[\"https:\/\/urbanglide.com\/pt-pt\/produit\/100-evo\/\"]}]},{\"@type\":\"ImageObject\",\"inLanguage\":\"pt-PT\",\"@id\":\"https:\/\/urbanglide.com\/pt-pt\/produit\/100-evo\/#primaryimage\",\"url\":\"https:\/\/urbanglide.com\/wp-content\/uploads\/2025\/01\/RIDE-100EVO.png\",\"contentUrl\":\"https:\/\/urbanglide.com\/wp-content\/uploads\/2025\/01\/RIDE-100EVO.png\",\"width\":1000,\"height\":1000},{\"@type\":\"BreadcrumbList\",\"@id\":\"https:\/\/urbanglide.com\/pt-pt\/produit\/100-evo\/#breadcrumb\",\"itemListElement\":[{\"@type\":\"ListItem\",\"position\":1,\"name\":\"Accueil\",\"item\":\"https:\/\/urbanglide.com\/pt-pt\/urbanglide-homepage-nova-versao\/\"},{\"@type\":\"ListItem\",\"position\":2,\"name\":\"Loja\",\"item\":\"https:\/\/urbanglide.com\/pt-pt\/boutique\/\"},{\"@type\":\"ListItem\",\"position\":3,\"name\":\"100 EVO\"}]},{\"@type\":\"WebSite\",\"@id\":\"https:\/\/urbanglide.com\/#website\",\"url\":\"https:\/\/urbanglide.com\/\",\"name\":\"Urbanglide\",\"description\":\"Expert fran\u00e7ais de la mobilit\u00e9 \u00e9lectrique\",\"potentialAction\":[{\"@type\":\"SearchAction\",\"target\":{\"@type\":\"EntryPoint\",\"urlTemplate\":\"https:\/\/urbanglide.com\/?s={search_term_string}\"},\"query-input\":{\"@type\":\"PropertyValueSpecification\",\"valueRequired\":true,\"valueName\":\"search_term_string\"}}],\"inLanguage\":\"pt-PT\"}]}<\/script>\n<!-- \/ Yoast SEO plugin. -->","yoast_head_json":{"title":"Trotinete el\u00e9ctrica 100 EVO - UrbanGlide","description":"Alcance de at\u00e9 25 km, pneus todo-o-terreno de 10\" e um trav\u00e3o de disco de alto desempenho. 100 EVO combina agilidade e versatilidade!","robots":{"index":"index","follow":"follow","max-snippet":"max-snippet:-1","max-image-preview":"max-image-preview:large","max-video-preview":"max-video-preview:-1"},"canonical":"https:\/\/urbanglide.com\/pt-pt\/produit\/100-evo\/","og_locale":"pt_PT","og_type":"article","og_title":"Trotinete el\u00e9ctrica 100 EVO - UrbanGlide","og_description":"Alcance de at\u00e9 25 km, pneus todo-o-terreno de 10\" e um trav\u00e3o de disco de alto desempenho. 100 EVO combina agilidade e versatilidade!","og_url":"https:\/\/urbanglide.com\/pt-pt\/produit\/100-evo\/","og_site_name":"UrbanGlide","article_modified_time":"2026-02-04T01:30:38+00:00","og_image":[{"width":1000,"height":1000,"url":"https:\/\/urbanglide.com\/wp-content\/uploads\/2025\/01\/RIDE-100EVO-coming-soon.png","type":"image\/png"}],"twitter_card":"summary_large_image","twitter_misc":{"Tempo estimado de leitura":"1 minuto"},"schema":{"@context":"https:\/\/schema.org","@graph":[{"@type":"WebPage","@id":"https:\/\/urbanglide.com\/pt-pt\/produit\/100-evo\/","url":"https:\/\/urbanglide.com\/pt-pt\/produit\/100-evo\/","name":"Trotinete el\u00e9ctrica 100 EVO - UrbanGlide","isPartOf":{"@id":"https:\/\/urbanglide.com\/#website"},"primaryImageOfPage":{"@id":"https:\/\/urbanglide.com\/pt-pt\/produit\/100-evo\/#primaryimage"},"image":{"@id":"https:\/\/urbanglide.com\/pt-pt\/produit\/100-evo\/#primaryimage"},"thumbnailUrl":"https:\/\/urbanglide.com\/wp-content\/uploads\/2025\/01\/RIDE-100EVO.png","datePublished":"2025-02-19T06:18:05+00:00","dateModified":"2026-02-04T01:30:38+00:00","description":"Alcance de at\u00e9 25 km, pneus todo-o-terreno de 10\" e um trav\u00e3o de disco de alto desempenho. 100 EVO combina agilidade e versatilidade!","breadcrumb":{"@id":"https:\/\/urbanglide.com\/pt-pt\/produit\/100-evo\/#breadcrumb"},"inLanguage":"pt-PT","potentialAction":[{"@type":"ReadAction","target":["https:\/\/urbanglide.com\/pt-pt\/produit\/100-evo\/"]}]},{"@type":"ImageObject","inLanguage":"pt-PT","@id":"https:\/\/urbanglide.com\/pt-pt\/produit\/100-evo\/#primaryimage","url":"https:\/\/urbanglide.com\/wp-content\/uploads\/2025\/01\/RIDE-100EVO.png","contentUrl":"https:\/\/urbanglide.com\/wp-content\/uploads\/2025\/01\/RIDE-100EVO.png","width":1000,"height":1000},{"@type":"BreadcrumbList","@id":"https:\/\/urbanglide.com\/pt-pt\/produit\/100-evo\/#breadcrumb","itemListElement":[{"@type":"ListItem","position":1,"name":"Accueil","item":"https:\/\/urbanglide.com\/pt-pt\/urbanglide-homepage-nova-versao\/"},{"@type":"ListItem","position":2,"name":"Loja","item":"https:\/\/urbanglide.com\/pt-pt\/boutique\/"},{"@type":"ListItem","position":3,"name":"100 EVO"}]},{"@type":"WebSite","@id":"https:\/\/urbanglide.com\/#website","url":"https:\/\/urbanglide.com\/","name":"Urbanglide","description":"Expert fran\u00e7ais de la mobilit\u00e9 \u00e9lectrique","potentialAction":[{"@type":"SearchAction","target":{"@type":"EntryPoint","urlTemplate":"https:\/\/urbanglide.com\/?s={search_term_string}"},"query-input":{"@type":"PropertyValueSpecification","valueRequired":true,"valueName":"search_term_string"}}],"inLanguage":"pt-PT"}]}},"_links":{"self":[{"href":"https:\/\/urbanglide.com\/pt-pt\/wp-json\/wp\/v2\/product\/79188","targetHints":{"allow":["GET"]}}],"collection":[{"href":"https:\/\/urbanglide.com\/pt-pt\/wp-json\/wp\/v2\/product"}],"about":[{"href":"https:\/\/urbanglide.com\/pt-pt\/wp-json\/wp\/v2\/types\/product"}],"version-history":[{"count":0,"href":"https:\/\/urbanglide.com\/pt-pt\/wp-json\/wp\/v2\/product\/79188\/revisions"}],"wp:featuredmedia":[{"embeddable":true,"href":"https:\/\/urbanglide.com\/pt-pt\/wp-json\/wp\/v2\/media\/73970"}],"wp:attachment":[{"href":"https:\/\/urbanglide.com\/pt-pt\/wp-json\/wp\/v2\/media?parent=79188"}],"wp:term":[{"taxonomy":"product_brand","embeddable":true,"href":"https:\/\/urbanglide.com\/pt-pt\/wp-json\/wp\/v2\/product_brand?post=79188"},{"taxonomy":"product_cat","embeddable":true,"href":"https:\/\/urbanglide.com\/pt-pt\/wp-json\/wp\/v2\/product_cat?post=79188"},{"taxonomy":"product_tag","embeddable":true,"href":"https:\/\/urbanglide.com\/pt-pt\/wp-json\/wp\/v2\/product_tag?post=79188"}],"curies":[{"name":"wp","href":"https:\/\/api.w.org\/{rel}","templated":true}]}}