{"id":79679,"date":"2024-08-27T08:25:10","date_gmt":"2024-08-27T08:25:10","guid":{"rendered":"https:\/\/urbanglide.com\/produit\/e-cross-pro-lite-2\/"},"modified":"2026-02-04T01:30:21","modified_gmt":"2026-02-04T01:30:21","slug":"e-cross-pro-lite-2","status":"publish","type":"product","link":"https:\/\/urbanglide.com\/pt-pt\/produit\/e-cross-pro-lite-2\/","title":{"rendered":"E-CROSS PRO LITE 2"},"content":{"rendered":"","protected":false},"excerpt":{"rendered":"<p>Elegante e potente<\/p>\n","protected":false},"featured_media":67062,"template":"","meta":[],"product_brand":[],"product_cat":[216,630],"product_tag":[],"class_list":{"0":"post-79679","1":"product","2":"type-product","3":"status-publish","4":"has-post-thumbnail","6":"product_cat-trottinettes-pt","7":"product_cat-e-cross","8":"product_shipping_class-2528-kg-pt-pt","10":"first","11":"outofstock","12":"taxable","13":"shipping-taxable","14":"purchasable","15":"product-type-simple"},"yoast_head":"<!-- This site is optimized with the Yoast SEO plugin v27.1.1 - https:\/\/yoast.com\/product\/yoast-seo-wordpress\/ -->\n<title>E-CROSS PRO LITE 2 - UrbanGlide<\/title>\n<meta name=\"description\" content=\"Com uma autonomia de 40 km, podes fazer longas viagens com a scooter el\u00e9ctrica E-CROSS PRO LITE 2 sem te preocupares com a autonomia.\" \/>\n<meta name=\"robots\" content=\"index, follow, max-snippet:-1, max-image-preview:large, max-video-preview:-1\" \/>\n<link rel=\"canonical\" href=\"https:\/\/urbanglide.com\/pt-pt\/produit\/e-cross-pro-lite-2\/\" \/>\n<meta property=\"og:locale\" content=\"pt_PT\" \/>\n<meta property=\"og:type\" content=\"article\" \/>\n<meta property=\"og:title\" content=\"E-CROSS PRO LITE 2 - UrbanGlide\" \/>\n<meta property=\"og:description\" content=\"Com uma autonomia de 40 km, podes fazer longas viagens com a scooter el\u00e9ctrica E-CROSS PRO LITE 2 sem te preocupares com a autonomia.\" \/>\n<meta property=\"og:url\" content=\"https:\/\/urbanglide.com\/pt-pt\/produit\/e-cross-pro-lite-2\/\" \/>\n<meta property=\"og:site_name\" content=\"UrbanGlide\" \/>\n<meta property=\"article:modified_time\" content=\"2026-02-04T01:30:21+00:00\" \/>\n<meta property=\"og:image\" content=\"https:\/\/urbanglide.com\/wp-content\/uploads\/2024\/08\/E-CROSS-PRO-LITE-2-2.png\" \/>\n\t<meta property=\"og:image:width\" content=\"1000\" \/>\n\t<meta property=\"og:image:height\" content=\"1000\" \/>\n\t<meta property=\"og:image:type\" content=\"image\/png\" \/>\n<meta name=\"twitter:card\" content=\"summary_large_image\" \/>\n<meta name=\"twitter:label1\" content=\"Tempo estimado de leitura\" \/>\n\t<meta name=\"twitter:data1\" content=\"1 minuto\" \/>\n<script type=\"application\/ld+json\" class=\"yoast-schema-graph\">{\"@context\":\"https:\/\/schema.org\",\"@graph\":[{\"@type\":\"WebPage\",\"@id\":\"https:\/\/urbanglide.com\/pt-pt\/produit\/e-cross-pro-lite-2\/\",\"url\":\"https:\/\/urbanglide.com\/pt-pt\/produit\/e-cross-pro-lite-2\/\",\"name\":\"E-CROSS PRO LITE 2 - UrbanGlide\",\"isPartOf\":{\"@id\":\"https:\/\/urbanglide.com\/#website\"},\"primaryImageOfPage\":{\"@id\":\"https:\/\/urbanglide.com\/pt-pt\/produit\/e-cross-pro-lite-2\/#primaryimage\"},\"image\":{\"@id\":\"https:\/\/urbanglide.com\/pt-pt\/produit\/e-cross-pro-lite-2\/#primaryimage\"},\"thumbnailUrl\":\"https:\/\/urbanglide.com\/wp-content\/uploads\/2024\/08\/E-CROSS-PRO-LITE-2-2.png\",\"datePublished\":\"2024-08-27T08:25:10+00:00\",\"dateModified\":\"2026-02-04T01:30:21+00:00\",\"description\":\"Com uma autonomia de 40 km, podes fazer longas viagens com a scooter el\u00e9ctrica E-CROSS PRO LITE 2 sem te preocupares com a autonomia.\",\"breadcrumb\":{\"@id\":\"https:\/\/urbanglide.com\/pt-pt\/produit\/e-cross-pro-lite-2\/#breadcrumb\"},\"inLanguage\":\"pt-PT\",\"potentialAction\":[{\"@type\":\"ReadAction\",\"target\":[\"https:\/\/urbanglide.com\/pt-pt\/produit\/e-cross-pro-lite-2\/\"]}]},{\"@type\":\"ImageObject\",\"inLanguage\":\"pt-PT\",\"@id\":\"https:\/\/urbanglide.com\/pt-pt\/produit\/e-cross-pro-lite-2\/#primaryimage\",\"url\":\"https:\/\/urbanglide.com\/wp-content\/uploads\/2024\/08\/E-CROSS-PRO-LITE-2-2.png\",\"contentUrl\":\"https:\/\/urbanglide.com\/wp-content\/uploads\/2024\/08\/E-CROSS-PRO-LITE-2-2.png\",\"width\":1000,\"height\":1000},{\"@type\":\"BreadcrumbList\",\"@id\":\"https:\/\/urbanglide.com\/pt-pt\/produit\/e-cross-pro-lite-2\/#breadcrumb\",\"itemListElement\":[{\"@type\":\"ListItem\",\"position\":1,\"name\":\"Accueil\",\"item\":\"https:\/\/urbanglide.com\/pt-pt\/urbanglide-homepage-nova-versao\/\"},{\"@type\":\"ListItem\",\"position\":2,\"name\":\"Loja\",\"item\":\"https:\/\/urbanglide.com\/pt-pt\/boutique\/\"},{\"@type\":\"ListItem\",\"position\":3,\"name\":\"E-CROSS PRO LITE 2\"}]},{\"@type\":\"WebSite\",\"@id\":\"https:\/\/urbanglide.com\/#website\",\"url\":\"https:\/\/urbanglide.com\/\",\"name\":\"Urbanglide\",\"description\":\"Expert fran\u00e7ais de la mobilit\u00e9 \u00e9lectrique\",\"potentialAction\":[{\"@type\":\"SearchAction\",\"target\":{\"@type\":\"EntryPoint\",\"urlTemplate\":\"https:\/\/urbanglide.com\/?s={search_term_string}\"},\"query-input\":{\"@type\":\"PropertyValueSpecification\",\"valueRequired\":true,\"valueName\":\"search_term_string\"}}],\"inLanguage\":\"pt-PT\"}]}<\/script>\n<!-- \/ Yoast SEO plugin. -->","yoast_head_json":{"title":"E-CROSS PRO LITE 2 - UrbanGlide","description":"Com uma autonomia de 40 km, podes fazer longas viagens com a scooter el\u00e9ctrica E-CROSS PRO LITE 2 sem te preocupares com a autonomia.","robots":{"index":"index","follow":"follow","max-snippet":"max-snippet:-1","max-image-preview":"max-image-preview:large","max-video-preview":"max-video-preview:-1"},"canonical":"https:\/\/urbanglide.com\/pt-pt\/produit\/e-cross-pro-lite-2\/","og_locale":"pt_PT","og_type":"article","og_title":"E-CROSS PRO LITE 2 - UrbanGlide","og_description":"Com uma autonomia de 40 km, podes fazer longas viagens com a scooter el\u00e9ctrica E-CROSS PRO LITE 2 sem te preocupares com a autonomia.","og_url":"https:\/\/urbanglide.com\/pt-pt\/produit\/e-cross-pro-lite-2\/","og_site_name":"UrbanGlide","article_modified_time":"2026-02-04T01:30:21+00:00","og_image":[{"width":1000,"height":1000,"url":"https:\/\/urbanglide.com\/wp-content\/uploads\/2024\/08\/E-CROSS-PRO-LITE-2-2.png","type":"image\/png"}],"twitter_card":"summary_large_image","twitter_misc":{"Tempo estimado de leitura":"1 minuto"},"schema":{"@context":"https:\/\/schema.org","@graph":[{"@type":"WebPage","@id":"https:\/\/urbanglide.com\/pt-pt\/produit\/e-cross-pro-lite-2\/","url":"https:\/\/urbanglide.com\/pt-pt\/produit\/e-cross-pro-lite-2\/","name":"E-CROSS PRO LITE 2 - UrbanGlide","isPartOf":{"@id":"https:\/\/urbanglide.com\/#website"},"primaryImageOfPage":{"@id":"https:\/\/urbanglide.com\/pt-pt\/produit\/e-cross-pro-lite-2\/#primaryimage"},"image":{"@id":"https:\/\/urbanglide.com\/pt-pt\/produit\/e-cross-pro-lite-2\/#primaryimage"},"thumbnailUrl":"https:\/\/urbanglide.com\/wp-content\/uploads\/2024\/08\/E-CROSS-PRO-LITE-2-2.png","datePublished":"2024-08-27T08:25:10+00:00","dateModified":"2026-02-04T01:30:21+00:00","description":"Com uma autonomia de 40 km, podes fazer longas viagens com a scooter el\u00e9ctrica E-CROSS PRO LITE 2 sem te preocupares com a autonomia.","breadcrumb":{"@id":"https:\/\/urbanglide.com\/pt-pt\/produit\/e-cross-pro-lite-2\/#breadcrumb"},"inLanguage":"pt-PT","potentialAction":[{"@type":"ReadAction","target":["https:\/\/urbanglide.com\/pt-pt\/produit\/e-cross-pro-lite-2\/"]}]},{"@type":"ImageObject","inLanguage":"pt-PT","@id":"https:\/\/urbanglide.com\/pt-pt\/produit\/e-cross-pro-lite-2\/#primaryimage","url":"https:\/\/urbanglide.com\/wp-content\/uploads\/2024\/08\/E-CROSS-PRO-LITE-2-2.png","contentUrl":"https:\/\/urbanglide.com\/wp-content\/uploads\/2024\/08\/E-CROSS-PRO-LITE-2-2.png","width":1000,"height":1000},{"@type":"BreadcrumbList","@id":"https:\/\/urbanglide.com\/pt-pt\/produit\/e-cross-pro-lite-2\/#breadcrumb","itemListElement":[{"@type":"ListItem","position":1,"name":"Accueil","item":"https:\/\/urbanglide.com\/pt-pt\/urbanglide-homepage-nova-versao\/"},{"@type":"ListItem","position":2,"name":"Loja","item":"https:\/\/urbanglide.com\/pt-pt\/boutique\/"},{"@type":"ListItem","position":3,"name":"E-CROSS PRO LITE 2"}]},{"@type":"WebSite","@id":"https:\/\/urbanglide.com\/#website","url":"https:\/\/urbanglide.com\/","name":"Urbanglide","description":"Expert fran\u00e7ais de la mobilit\u00e9 \u00e9lectrique","potentialAction":[{"@type":"SearchAction","target":{"@type":"EntryPoint","urlTemplate":"https:\/\/urbanglide.com\/?s={search_term_string}"},"query-input":{"@type":"PropertyValueSpecification","valueRequired":true,"valueName":"search_term_string"}}],"inLanguage":"pt-PT"}]}},"_links":{"self":[{"href":"https:\/\/urbanglide.com\/pt-pt\/wp-json\/wp\/v2\/product\/79679","targetHints":{"allow":["GET"]}}],"collection":[{"href":"https:\/\/urbanglide.com\/pt-pt\/wp-json\/wp\/v2\/product"}],"about":[{"href":"https:\/\/urbanglide.com\/pt-pt\/wp-json\/wp\/v2\/types\/product"}],"version-history":[{"count":0,"href":"https:\/\/urbanglide.com\/pt-pt\/wp-json\/wp\/v2\/product\/79679\/revisions"}],"wp:featuredmedia":[{"embeddable":true,"href":"https:\/\/urbanglide.com\/pt-pt\/wp-json\/wp\/v2\/media\/67062"}],"wp:attachment":[{"href":"https:\/\/urbanglide.com\/pt-pt\/wp-json\/wp\/v2\/media?parent=79679"}],"wp:term":[{"taxonomy":"product_brand","embeddable":true,"href":"https:\/\/urbanglide.com\/pt-pt\/wp-json\/wp\/v2\/product_brand?post=79679"},{"taxonomy":"product_cat","embeddable":true,"href":"https:\/\/urbanglide.com\/pt-pt\/wp-json\/wp\/v2\/product_cat?post=79679"},{"taxonomy":"product_tag","embeddable":true,"href":"https:\/\/urbanglide.com\/pt-pt\/wp-json\/wp\/v2\/product_tag?post=79679"}],"curies":[{"name":"wp","href":"https:\/\/api.w.org\/{rel}","templated":true}]}}