{"id":80167,"date":"2025-02-26T09:04:39","date_gmt":"2025-02-26T09:04:39","guid":{"rendered":"https:\/\/urbanglide.com\/produit\/thunder-160\/"},"modified":"2026-02-04T01:30:28","modified_gmt":"2026-02-04T01:30:28","slug":"thunder-160","status":"publish","type":"product","link":"https:\/\/urbanglide.com\/pt-pt\/produit\/thunder-160\/","title":{"rendered":"THUNDER 160"},"content":{"rendered":"","protected":false},"excerpt":{"rendered":"<p>Conce\u00e7\u00e3o e estabilidade<\/p>\n","protected":false},"featured_media":74081,"template":"","meta":[],"product_brand":[],"product_cat":[190],"product_tag":[],"class_list":{"0":"post-80167","1":"product","2":"type-product","3":"status-publish","4":"has-post-thumbnail","6":"product_cat-bicicleta-eletricas-sem-pedais","8":"first","9":"instock","10":"taxable","11":"shipping-taxable","12":"purchasable","13":"product-type-simple"},"yoast_head":"<!-- This site is optimized with the Yoast SEO plugin v27.1.1 - https:\/\/yoast.com\/product\/yoast-seo-wordpress\/ -->\n<title>THUNDER 160 - UrbanGlide<\/title>\n<meta name=\"robots\" content=\"index, follow, max-snippet:-1, max-image-preview:large, max-video-preview:-1\" \/>\n<link rel=\"canonical\" href=\"https:\/\/urbanglide.com\/pt-pt\/produit\/thunder-160\/\" \/>\n<meta property=\"og:locale\" content=\"pt_PT\" \/>\n<meta property=\"og:type\" content=\"article\" \/>\n<meta property=\"og:title\" content=\"THUNDER 160 - UrbanGlide\" \/>\n<meta property=\"og:description\" content=\"Conce\u00e7\u00e3o e estabilidade\" \/>\n<meta property=\"og:url\" content=\"https:\/\/urbanglide.com\/pt-pt\/produit\/thunder-160\/\" \/>\n<meta property=\"og:site_name\" content=\"UrbanGlide\" \/>\n<meta property=\"article:modified_time\" content=\"2026-02-04T01:30:28+00:00\" \/>\n<meta property=\"og:image\" content=\"https:\/\/urbanglide.com\/wp-content\/uploads\/2025\/01\/THUNDER160-bleu-new-in.png\" \/>\n\t<meta property=\"og:image:width\" content=\"1000\" \/>\n\t<meta property=\"og:image:height\" content=\"1000\" \/>\n\t<meta property=\"og:image:type\" content=\"image\/png\" \/>\n<meta name=\"twitter:card\" content=\"summary_large_image\" \/>\n<meta name=\"twitter:label1\" content=\"Tempo estimado de leitura\" \/>\n\t<meta name=\"twitter:data1\" content=\"1 minuto\" \/>\n<script type=\"application\/ld+json\" class=\"yoast-schema-graph\">{\"@context\":\"https:\/\/schema.org\",\"@graph\":[{\"@type\":\"WebPage\",\"@id\":\"https:\/\/urbanglide.com\/pt-pt\/produit\/thunder-160\/\",\"url\":\"https:\/\/urbanglide.com\/pt-pt\/produit\/thunder-160\/\",\"name\":\"THUNDER 160 - UrbanGlide\",\"isPartOf\":{\"@id\":\"https:\/\/urbanglide.com\/#website\"},\"primaryImageOfPage\":{\"@id\":\"https:\/\/urbanglide.com\/pt-pt\/produit\/thunder-160\/#primaryimage\"},\"image\":{\"@id\":\"https:\/\/urbanglide.com\/pt-pt\/produit\/thunder-160\/#primaryimage\"},\"thumbnailUrl\":\"https:\/\/urbanglide.com\/wp-content\/uploads\/2025\/01\/THUNDER160-bleu.png\",\"datePublished\":\"2025-02-26T09:04:39+00:00\",\"dateModified\":\"2026-02-04T01:30:28+00:00\",\"breadcrumb\":{\"@id\":\"https:\/\/urbanglide.com\/pt-pt\/produit\/thunder-160\/#breadcrumb\"},\"inLanguage\":\"pt-PT\",\"potentialAction\":[{\"@type\":\"ReadAction\",\"target\":[\"https:\/\/urbanglide.com\/pt-pt\/produit\/thunder-160\/\"]}]},{\"@type\":\"ImageObject\",\"inLanguage\":\"pt-PT\",\"@id\":\"https:\/\/urbanglide.com\/pt-pt\/produit\/thunder-160\/#primaryimage\",\"url\":\"https:\/\/urbanglide.com\/wp-content\/uploads\/2025\/01\/THUNDER160-bleu.png\",\"contentUrl\":\"https:\/\/urbanglide.com\/wp-content\/uploads\/2025\/01\/THUNDER160-bleu.png\",\"width\":1000,\"height\":1000},{\"@type\":\"BreadcrumbList\",\"@id\":\"https:\/\/urbanglide.com\/pt-pt\/produit\/thunder-160\/#breadcrumb\",\"itemListElement\":[{\"@type\":\"ListItem\",\"position\":1,\"name\":\"Accueil\",\"item\":\"https:\/\/urbanglide.com\/pt-pt\/urbanglide-homepage-nova-versao\/\"},{\"@type\":\"ListItem\",\"position\":2,\"name\":\"Loja\",\"item\":\"https:\/\/urbanglide.com\/pt-pt\/boutique\/\"},{\"@type\":\"ListItem\",\"position\":3,\"name\":\"THUNDER 160\"}]},{\"@type\":\"WebSite\",\"@id\":\"https:\/\/urbanglide.com\/#website\",\"url\":\"https:\/\/urbanglide.com\/\",\"name\":\"Urbanglide\",\"description\":\"Expert fran\u00e7ais de la mobilit\u00e9 \u00e9lectrique\",\"potentialAction\":[{\"@type\":\"SearchAction\",\"target\":{\"@type\":\"EntryPoint\",\"urlTemplate\":\"https:\/\/urbanglide.com\/?s={search_term_string}\"},\"query-input\":{\"@type\":\"PropertyValueSpecification\",\"valueRequired\":true,\"valueName\":\"search_term_string\"}}],\"inLanguage\":\"pt-PT\"}]}<\/script>\n<!-- \/ Yoast SEO plugin. -->","yoast_head_json":{"title":"THUNDER 160 - UrbanGlide","robots":{"index":"index","follow":"follow","max-snippet":"max-snippet:-1","max-image-preview":"max-image-preview:large","max-video-preview":"max-video-preview:-1"},"canonical":"https:\/\/urbanglide.com\/pt-pt\/produit\/thunder-160\/","og_locale":"pt_PT","og_type":"article","og_title":"THUNDER 160 - UrbanGlide","og_description":"Conce\u00e7\u00e3o e estabilidade","og_url":"https:\/\/urbanglide.com\/pt-pt\/produit\/thunder-160\/","og_site_name":"UrbanGlide","article_modified_time":"2026-02-04T01:30:28+00:00","og_image":[{"width":1000,"height":1000,"url":"https:\/\/urbanglide.com\/wp-content\/uploads\/2025\/01\/THUNDER160-bleu-new-in.png","type":"image\/png"}],"twitter_card":"summary_large_image","twitter_misc":{"Tempo estimado de leitura":"1 minuto"},"schema":{"@context":"https:\/\/schema.org","@graph":[{"@type":"WebPage","@id":"https:\/\/urbanglide.com\/pt-pt\/produit\/thunder-160\/","url":"https:\/\/urbanglide.com\/pt-pt\/produit\/thunder-160\/","name":"THUNDER 160 - UrbanGlide","isPartOf":{"@id":"https:\/\/urbanglide.com\/#website"},"primaryImageOfPage":{"@id":"https:\/\/urbanglide.com\/pt-pt\/produit\/thunder-160\/#primaryimage"},"image":{"@id":"https:\/\/urbanglide.com\/pt-pt\/produit\/thunder-160\/#primaryimage"},"thumbnailUrl":"https:\/\/urbanglide.com\/wp-content\/uploads\/2025\/01\/THUNDER160-bleu.png","datePublished":"2025-02-26T09:04:39+00:00","dateModified":"2026-02-04T01:30:28+00:00","breadcrumb":{"@id":"https:\/\/urbanglide.com\/pt-pt\/produit\/thunder-160\/#breadcrumb"},"inLanguage":"pt-PT","potentialAction":[{"@type":"ReadAction","target":["https:\/\/urbanglide.com\/pt-pt\/produit\/thunder-160\/"]}]},{"@type":"ImageObject","inLanguage":"pt-PT","@id":"https:\/\/urbanglide.com\/pt-pt\/produit\/thunder-160\/#primaryimage","url":"https:\/\/urbanglide.com\/wp-content\/uploads\/2025\/01\/THUNDER160-bleu.png","contentUrl":"https:\/\/urbanglide.com\/wp-content\/uploads\/2025\/01\/THUNDER160-bleu.png","width":1000,"height":1000},{"@type":"BreadcrumbList","@id":"https:\/\/urbanglide.com\/pt-pt\/produit\/thunder-160\/#breadcrumb","itemListElement":[{"@type":"ListItem","position":1,"name":"Accueil","item":"https:\/\/urbanglide.com\/pt-pt\/urbanglide-homepage-nova-versao\/"},{"@type":"ListItem","position":2,"name":"Loja","item":"https:\/\/urbanglide.com\/pt-pt\/boutique\/"},{"@type":"ListItem","position":3,"name":"THUNDER 160"}]},{"@type":"WebSite","@id":"https:\/\/urbanglide.com\/#website","url":"https:\/\/urbanglide.com\/","name":"Urbanglide","description":"Expert fran\u00e7ais de la mobilit\u00e9 \u00e9lectrique","potentialAction":[{"@type":"SearchAction","target":{"@type":"EntryPoint","urlTemplate":"https:\/\/urbanglide.com\/?s={search_term_string}"},"query-input":{"@type":"PropertyValueSpecification","valueRequired":true,"valueName":"search_term_string"}}],"inLanguage":"pt-PT"}]}},"_links":{"self":[{"href":"https:\/\/urbanglide.com\/pt-pt\/wp-json\/wp\/v2\/product\/80167","targetHints":{"allow":["GET"]}}],"collection":[{"href":"https:\/\/urbanglide.com\/pt-pt\/wp-json\/wp\/v2\/product"}],"about":[{"href":"https:\/\/urbanglide.com\/pt-pt\/wp-json\/wp\/v2\/types\/product"}],"version-history":[{"count":0,"href":"https:\/\/urbanglide.com\/pt-pt\/wp-json\/wp\/v2\/product\/80167\/revisions"}],"wp:featuredmedia":[{"embeddable":true,"href":"https:\/\/urbanglide.com\/pt-pt\/wp-json\/wp\/v2\/media\/74081"}],"wp:attachment":[{"href":"https:\/\/urbanglide.com\/pt-pt\/wp-json\/wp\/v2\/media?parent=80167"}],"wp:term":[{"taxonomy":"product_brand","embeddable":true,"href":"https:\/\/urbanglide.com\/pt-pt\/wp-json\/wp\/v2\/product_brand?post=80167"},{"taxonomy":"product_cat","embeddable":true,"href":"https:\/\/urbanglide.com\/pt-pt\/wp-json\/wp\/v2\/product_cat?post=80167"},{"taxonomy":"product_tag","embeddable":true,"href":"https:\/\/urbanglide.com\/pt-pt\/wp-json\/wp\/v2\/product_tag?post=80167"}],"curies":[{"name":"wp","href":"https:\/\/api.w.org\/{rel}","templated":true}]}}