{"id":87123,"date":"2024-11-22T10:37:45","date_gmt":"2024-11-22T10:37:45","guid":{"rendered":"https:\/\/urbanglide.com\/produit\/suporte-para-telemovel\/"},"modified":"2025-12-03T00:41:08","modified_gmt":"2025-12-03T00:41:08","slug":"suporte-para-telemovel","status":"publish","type":"product","link":"https:\/\/urbanglide.com\/pt-pt\/produit\/suporte-para-telemovel\/","title":{"rendered":"Suporte para telem\u00f3vel"},"content":{"rendered":"<p>O suporte para telem\u00f3vel UrbanGlide \u00e9 o acess\u00f3rio perfeito para manter o teu smartphone acess\u00edvel e seguro enquanto andas na tua scooter el\u00e9ctrica. F\u00e1cil de instalar e compat\u00edvel com a maioria dos modelos de telem\u00f3vel, proporciona uma fixa\u00e7\u00e3o segura e um \u00e2ngulo de vis\u00e3o ideal para acompanhar a tua navega\u00e7\u00e3o sem te distrair da estrada. <\/p>\n","protected":false},"excerpt":{"rendered":"<p>O suporte para telem\u00f3vel UrbanGlide \u00e9 o acess\u00f3rio perfeito para manter o teu smartphone acess\u00edvel e seguro enquanto andas na [&hellip;]<\/p>\n","protected":false},"featured_media":70187,"template":"","meta":[],"product_brand":[],"product_cat":[174,189],"product_tag":[],"class_list":{"0":"post-87123","1":"product","2":"type-product","3":"status-publish","4":"has-post-thumbnail","6":"product_cat-acessorios-pt","7":"product_cat-oferta-promocional-pt","8":"product_shipping_class-05-kg-pt-pt","10":"first","11":"instock","12":"taxable","13":"shipping-taxable","14":"purchasable","15":"product-type-simple"},"yoast_head":"<!-- This site is optimized with the Yoast SEO plugin v27.1.1 - https:\/\/yoast.com\/product\/yoast-seo-wordpress\/ -->\n<title>Suporte para telem\u00f3vel - UrbanGlide<\/title>\n<meta name=\"description\" content=\"Adequado para todos os modelos de telem\u00f3vel. Sistema de fixa\u00e7\u00e3o com parafusos ajust\u00e1veis. Roda 360 graus para uma visibilidade \u00f3ptima.\" \/>\n<meta name=\"robots\" content=\"index, follow, max-snippet:-1, max-image-preview:large, max-video-preview:-1\" \/>\n<link rel=\"canonical\" href=\"https:\/\/urbanglide.com\/pt-pt\/produit\/suporte-para-telemovel\/\" \/>\n<meta property=\"og:locale\" content=\"pt_PT\" \/>\n<meta property=\"og:type\" content=\"article\" \/>\n<meta property=\"og:title\" content=\"Suporte para telem\u00f3vel - UrbanGlide\" \/>\n<meta property=\"og:description\" content=\"Adequado para todos os modelos de telem\u00f3vel. Sistema de fixa\u00e7\u00e3o com parafusos ajust\u00e1veis. Roda 360 graus para uma visibilidade \u00f3ptima.\" \/>\n<meta property=\"og:url\" content=\"https:\/\/urbanglide.com\/pt-pt\/produit\/suporte-para-telemovel\/\" \/>\n<meta property=\"og:site_name\" content=\"UrbanGlide\" \/>\n<meta property=\"article:modified_time\" content=\"2025-12-03T00:41:08+00:00\" \/>\n<meta property=\"og:image\" content=\"https:\/\/urbanglide.com\/wp-content\/uploads\/2024\/11\/SUPPORTTEL.png\" \/>\n\t<meta property=\"og:image:width\" content=\"1000\" \/>\n\t<meta property=\"og:image:height\" content=\"1000\" \/>\n\t<meta property=\"og:image:type\" content=\"image\/png\" \/>\n<meta name=\"twitter:card\" content=\"summary_large_image\" \/>\n<meta name=\"twitter:label1\" content=\"Tempo estimado de leitura\" \/>\n\t<meta name=\"twitter:data1\" content=\"1 minuto\" \/>\n<script type=\"application\/ld+json\" class=\"yoast-schema-graph\">{\"@context\":\"https:\/\/schema.org\",\"@graph\":[{\"@type\":\"WebPage\",\"@id\":\"https:\/\/urbanglide.com\/pt-pt\/produit\/suporte-para-telemovel\/\",\"url\":\"https:\/\/urbanglide.com\/pt-pt\/produit\/suporte-para-telemovel\/\",\"name\":\"Suporte para telem\u00f3vel - UrbanGlide\",\"isPartOf\":{\"@id\":\"https:\/\/urbanglide.com\/#website\"},\"primaryImageOfPage\":{\"@id\":\"https:\/\/urbanglide.com\/pt-pt\/produit\/suporte-para-telemovel\/#primaryimage\"},\"image\":{\"@id\":\"https:\/\/urbanglide.com\/pt-pt\/produit\/suporte-para-telemovel\/#primaryimage\"},\"thumbnailUrl\":\"https:\/\/urbanglide.com\/wp-content\/uploads\/2024\/11\/SUPPORTTEL.png\",\"datePublished\":\"2024-11-22T10:37:45+00:00\",\"dateModified\":\"2025-12-03T00:41:08+00:00\",\"description\":\"Adequado para todos os modelos de telem\u00f3vel. Sistema de fixa\u00e7\u00e3o com parafusos ajust\u00e1veis. Roda 360 graus para uma visibilidade \u00f3ptima.\",\"breadcrumb\":{\"@id\":\"https:\/\/urbanglide.com\/pt-pt\/produit\/suporte-para-telemovel\/#breadcrumb\"},\"inLanguage\":\"pt-PT\",\"potentialAction\":[{\"@type\":\"ReadAction\",\"target\":[\"https:\/\/urbanglide.com\/pt-pt\/produit\/suporte-para-telemovel\/\"]}]},{\"@type\":\"ImageObject\",\"inLanguage\":\"pt-PT\",\"@id\":\"https:\/\/urbanglide.com\/pt-pt\/produit\/suporte-para-telemovel\/#primaryimage\",\"url\":\"https:\/\/urbanglide.com\/wp-content\/uploads\/2024\/11\/SUPPORTTEL.png\",\"contentUrl\":\"https:\/\/urbanglide.com\/wp-content\/uploads\/2024\/11\/SUPPORTTEL.png\",\"width\":1000,\"height\":1000},{\"@type\":\"BreadcrumbList\",\"@id\":\"https:\/\/urbanglide.com\/pt-pt\/produit\/suporte-para-telemovel\/#breadcrumb\",\"itemListElement\":[{\"@type\":\"ListItem\",\"position\":1,\"name\":\"Accueil\",\"item\":\"https:\/\/urbanglide.com\/pt-pt\/urbanglide-homepage-nova-versao\/\"},{\"@type\":\"ListItem\",\"position\":2,\"name\":\"Loja\",\"item\":\"https:\/\/urbanglide.com\/pt-pt\/boutique\/\"},{\"@type\":\"ListItem\",\"position\":3,\"name\":\"Suporte para telem\u00f3vel\"}]},{\"@type\":\"WebSite\",\"@id\":\"https:\/\/urbanglide.com\/#website\",\"url\":\"https:\/\/urbanglide.com\/\",\"name\":\"Urbanglide\",\"description\":\"Expert fran\u00e7ais de la mobilit\u00e9 \u00e9lectrique\",\"potentialAction\":[{\"@type\":\"SearchAction\",\"target\":{\"@type\":\"EntryPoint\",\"urlTemplate\":\"https:\/\/urbanglide.com\/?s={search_term_string}\"},\"query-input\":{\"@type\":\"PropertyValueSpecification\",\"valueRequired\":true,\"valueName\":\"search_term_string\"}}],\"inLanguage\":\"pt-PT\"}]}<\/script>\n<!-- \/ Yoast SEO plugin. -->","yoast_head_json":{"title":"Suporte para telem\u00f3vel - UrbanGlide","description":"Adequado para todos os modelos de telem\u00f3vel. Sistema de fixa\u00e7\u00e3o com parafusos ajust\u00e1veis. Roda 360 graus para uma visibilidade \u00f3ptima.","robots":{"index":"index","follow":"follow","max-snippet":"max-snippet:-1","max-image-preview":"max-image-preview:large","max-video-preview":"max-video-preview:-1"},"canonical":"https:\/\/urbanglide.com\/pt-pt\/produit\/suporte-para-telemovel\/","og_locale":"pt_PT","og_type":"article","og_title":"Suporte para telem\u00f3vel - UrbanGlide","og_description":"Adequado para todos os modelos de telem\u00f3vel. Sistema de fixa\u00e7\u00e3o com parafusos ajust\u00e1veis. Roda 360 graus para uma visibilidade \u00f3ptima.","og_url":"https:\/\/urbanglide.com\/pt-pt\/produit\/suporte-para-telemovel\/","og_site_name":"UrbanGlide","article_modified_time":"2025-12-03T00:41:08+00:00","og_image":[{"width":1000,"height":1000,"url":"https:\/\/urbanglide.com\/wp-content\/uploads\/2024\/11\/SUPPORTTEL.png","type":"image\/png"}],"twitter_card":"summary_large_image","twitter_misc":{"Tempo estimado de leitura":"1 minuto"},"schema":{"@context":"https:\/\/schema.org","@graph":[{"@type":"WebPage","@id":"https:\/\/urbanglide.com\/pt-pt\/produit\/suporte-para-telemovel\/","url":"https:\/\/urbanglide.com\/pt-pt\/produit\/suporte-para-telemovel\/","name":"Suporte para telem\u00f3vel - UrbanGlide","isPartOf":{"@id":"https:\/\/urbanglide.com\/#website"},"primaryImageOfPage":{"@id":"https:\/\/urbanglide.com\/pt-pt\/produit\/suporte-para-telemovel\/#primaryimage"},"image":{"@id":"https:\/\/urbanglide.com\/pt-pt\/produit\/suporte-para-telemovel\/#primaryimage"},"thumbnailUrl":"https:\/\/urbanglide.com\/wp-content\/uploads\/2024\/11\/SUPPORTTEL.png","datePublished":"2024-11-22T10:37:45+00:00","dateModified":"2025-12-03T00:41:08+00:00","description":"Adequado para todos os modelos de telem\u00f3vel. Sistema de fixa\u00e7\u00e3o com parafusos ajust\u00e1veis. Roda 360 graus para uma visibilidade \u00f3ptima.","breadcrumb":{"@id":"https:\/\/urbanglide.com\/pt-pt\/produit\/suporte-para-telemovel\/#breadcrumb"},"inLanguage":"pt-PT","potentialAction":[{"@type":"ReadAction","target":["https:\/\/urbanglide.com\/pt-pt\/produit\/suporte-para-telemovel\/"]}]},{"@type":"ImageObject","inLanguage":"pt-PT","@id":"https:\/\/urbanglide.com\/pt-pt\/produit\/suporte-para-telemovel\/#primaryimage","url":"https:\/\/urbanglide.com\/wp-content\/uploads\/2024\/11\/SUPPORTTEL.png","contentUrl":"https:\/\/urbanglide.com\/wp-content\/uploads\/2024\/11\/SUPPORTTEL.png","width":1000,"height":1000},{"@type":"BreadcrumbList","@id":"https:\/\/urbanglide.com\/pt-pt\/produit\/suporte-para-telemovel\/#breadcrumb","itemListElement":[{"@type":"ListItem","position":1,"name":"Accueil","item":"https:\/\/urbanglide.com\/pt-pt\/urbanglide-homepage-nova-versao\/"},{"@type":"ListItem","position":2,"name":"Loja","item":"https:\/\/urbanglide.com\/pt-pt\/boutique\/"},{"@type":"ListItem","position":3,"name":"Suporte para telem\u00f3vel"}]},{"@type":"WebSite","@id":"https:\/\/urbanglide.com\/#website","url":"https:\/\/urbanglide.com\/","name":"Urbanglide","description":"Expert fran\u00e7ais de la mobilit\u00e9 \u00e9lectrique","potentialAction":[{"@type":"SearchAction","target":{"@type":"EntryPoint","urlTemplate":"https:\/\/urbanglide.com\/?s={search_term_string}"},"query-input":{"@type":"PropertyValueSpecification","valueRequired":true,"valueName":"search_term_string"}}],"inLanguage":"pt-PT"}]}},"_links":{"self":[{"href":"https:\/\/urbanglide.com\/pt-pt\/wp-json\/wp\/v2\/product\/87123","targetHints":{"allow":["GET"]}}],"collection":[{"href":"https:\/\/urbanglide.com\/pt-pt\/wp-json\/wp\/v2\/product"}],"about":[{"href":"https:\/\/urbanglide.com\/pt-pt\/wp-json\/wp\/v2\/types\/product"}],"version-history":[{"count":0,"href":"https:\/\/urbanglide.com\/pt-pt\/wp-json\/wp\/v2\/product\/87123\/revisions"}],"wp:featuredmedia":[{"embeddable":true,"href":"https:\/\/urbanglide.com\/pt-pt\/wp-json\/wp\/v2\/media\/70187"}],"wp:attachment":[{"href":"https:\/\/urbanglide.com\/pt-pt\/wp-json\/wp\/v2\/media?parent=87123"}],"wp:term":[{"taxonomy":"product_brand","embeddable":true,"href":"https:\/\/urbanglide.com\/pt-pt\/wp-json\/wp\/v2\/product_brand?post=87123"},{"taxonomy":"product_cat","embeddable":true,"href":"https:\/\/urbanglide.com\/pt-pt\/wp-json\/wp\/v2\/product_cat?post=87123"},{"taxonomy":"product_tag","embeddable":true,"href":"https:\/\/urbanglide.com\/pt-pt\/wp-json\/wp\/v2\/product_tag?post=87123"}],"curies":[{"name":"wp","href":"https:\/\/api.w.org\/{rel}","templated":true}]}}